{"id":15873,"date":"2021-03-18T09:16:12","date_gmt":"2021-03-18T08:16:12","guid":{"rendered":"https:\/\/nimueskin.ch\/page-non-trouvee\/"},"modified":"2022-12-28T17:40:37","modified_gmt":"2022-12-28T16:40:37","slug":"page-non-trouvee","status":"publish","type":"page","link":"https:\/\/nimueskin.ch\/fr\/page-non-trouvee\/","title":{"rendered":"Page non trouv\u00e9e"},"content":{"rendered":"\n<h2>&#8220;D\u00e9sol\u00e9, page introuvable&#8221;&#8221; ~ Essayez une nouvelle recherche ci-dessous.<\/h2>\n\n<div style=\"height:20px\" aria-hidden=\"true\" class=\"wp-block-spacer\"><\/div>\n\n<h4>Recherche g\u00e9n\u00e9rale<\/h4>\n\n<h3>Recherche de produit<\/h3>\n<form role=\"search\" method=\"get\" class=\"woocommerce-product-search wp-block-search__button-inside wp-block-search__text-button wp-block-search\" action=\"https:\/\/nimueskin.ch\/fr\/\"><div class=\"wp-block-search__inside-wrapper\"><input type=\"search\" id=\"woocommerce-product-search-field-0\" class=\"wp-block-search__input\" placeholder=\"Search products&hellip;\" value=\"\" name=\"s\" \/><button type=\"submit\" class=\"wp-block-search__button\" value=\"Search\">Search<\/button><input type=\"hidden\" name=\"post_type\" value=\"product\" \/><\/div><\/form>\n\n<div style=\"height:3px\" aria-hidden=\"true\" class=\"wp-block-spacer\"><\/div>\n\n<div style=\"height:3px\" aria-hidden=\"true\" class=\"wp-block-spacer\"><\/div>\n\n<h3>Rechercher par cat\u00e9gorie<\/h3>\n<div data-block-name=\"woocommerce\/product-categories\" data-has-count=\"false\" class=\"wp-block-woocommerce-product-categories wc-block-product-categories ydcoza-woo-cat-list is-list \" style=\"\"><ul class=\"wc-block-product-categories-list wc-block-product-categories-list--depth-0\">\t\t\t\t<li class=\"wc-block-product-categories-list-item\">\t\t\t\t\t<a style=\"\" href=\"https:\/\/nimueskin.ch\/fr\/categorie-produit\/acne-breakouts-oiliness-fr\/\"><span class=\"wc-block-product-categories-list-item__name\">Acne, Breakouts &amp; Oiliness<\/span><\/a>\t\t\t\t<\/li>\t\t\t\t\t\t\t<li class=\"wc-block-product-categories-list-item\">\t\t\t\t\t<a style=\"\" href=\"https:\/\/nimueskin.ch\/fr\/categorie-produit\/ageing-fr\/\"><span class=\"wc-block-product-categories-list-item__name\">Ageing<\/span><\/a>\t\t\t\t<\/li>\t\t\t\t\t\t\t<li class=\"wc-block-product-categories-list-item\">\t\t\t\t\t<a style=\"\" href=\"https:\/\/nimueskin.ch\/fr\/categorie-produit\/award-winning-fr\/\"><span class=\"wc-block-product-categories-list-item__name\">Award Winning<\/span><\/a>\t\t\t\t<\/li>\t\t\t\t\t\t\t<li class=\"wc-block-product-categories-list-item\">\t\t\t\t\t<a style=\"\" href=\"https:\/\/nimueskin.ch\/fr\/categorie-produit\/best-seller-fr\/\"><span class=\"wc-block-product-categories-list-item__name\">Best Seller<\/span><\/a>\t\t\t\t<\/li>\t\t\t\t\t\t\t<li class=\"wc-block-product-categories-list-item\">\t\t\t\t\t<a style=\"\" href=\"https:\/\/nimueskin.ch\/fr\/categorie-produit\/breakouts-oiliness-fr\/\"><span class=\"wc-block-product-categories-list-item__name\">Breakouts &amp; Oiliness<\/span><\/a>\t\t\t\t<\/li>\t\t\t\t\t\t\t<li class=\"wc-block-product-categories-list-item\">\t\t\t\t\t<a style=\"\" href=\"https:\/\/nimueskin.ch\/fr\/categorie-produit\/conditionneurs\/\"><span class=\"wc-block-product-categories-list-item__name\">Conditionneurs<\/span><\/a>\t\t\t\t<\/li>\t\t\t\t\t\t\t<li class=\"wc-block-product-categories-list-item\">\t\t\t\t\t<a style=\"\" href=\"https:\/\/nimueskin.ch\/fr\/categorie-produit\/endommage-pour-lenvironnement\/\"><span class=\"wc-block-product-categories-list-item__name\">Endommag\u00e9 pour l&#039;environnement<\/span><\/a>\t\t\t\t<\/li>\t\t\t\t\t\t\t<li class=\"wc-block-product-categories-list-item\">\t\t\t\t\t<a style=\"\" href=\"https:\/\/nimueskin.ch\/fr\/categorie-produit\/exfoliants\/\"><span class=\"wc-block-product-categories-list-item__name\">Exfoliants<\/span><\/a>\t\t\t\t<\/li>\t\t\t\t\t\t\t<li class=\"wc-block-product-categories-list-item\">\t\t\t\t\t<a style=\"\" href=\"https:\/\/nimueskin.ch\/fr\/categorie-produit\/eye-lip-hand-neck-treatments\/\"><span class=\"wc-block-product-categories-list-item__name\">Eye, Lip, Hand &amp; Neck Treatments<\/span><\/a>\t\t\t\t<\/li>\t\t\t\t\t\t\t<li class=\"wc-block-product-categories-list-item\">\t\t\t\t\t<a style=\"\" href=\"https:\/\/nimueskin.ch\/fr\/categorie-produit\/hydratants\/\"><span class=\"wc-block-product-categories-list-item__name\">Hydratants<\/span><\/a>\t\t\t\t<\/li>\t\t\t\t\t\t\t<li class=\"wc-block-product-categories-list-item\">\t\t\t\t\t<a style=\"\" href=\"https:\/\/nimueskin.ch\/fr\/categorie-produit\/hyperpigmente\/\"><span class=\"wc-block-product-categories-list-item__name\">Hyperpigment\u00e9<\/span><\/a>\t\t\t\t<\/li>\t\t\t\t\t\t\t<li class=\"wc-block-product-categories-list-item\">\t\t\t\t\t<a style=\"\" href=\"https:\/\/nimueskin.ch\/fr\/categorie-produit\/interactive-fr\/\"><span class=\"wc-block-product-categories-list-item__name\">Interactive<\/span><\/a>\t\t\t\t<\/li>\t\t\t\t\t\t\t<li class=\"wc-block-product-categories-list-item\">\t\t\t\t\t<a style=\"\" href=\"https:\/\/nimueskin.ch\/fr\/categorie-produit\/lines-wrinkles-fr\/\"><span class=\"wc-block-product-categories-list-item__name\">Lines &amp; Wrinkles<\/span><\/a>\t\t\t\t<\/li>\t\t\t\t\t\t\t<li class=\"wc-block-product-categories-list-item\">\t\t\t\t\t<a style=\"\" href=\"https:\/\/nimueskin.ch\/fr\/categorie-produit\/man-fr\/\"><span class=\"wc-block-product-categories-list-item__name\">Man<\/span><\/a>\t\t\t\t<\/li>\t\t\t\t\t\t\t<li class=\"wc-block-product-categories-list-item\">\t\t\t\t\t<a style=\"\" href=\"https:\/\/nimueskin.ch\/fr\/categorie-produit\/masques\/\"><span class=\"wc-block-product-categories-list-item__name\">Masques<\/span><\/a>\t\t\t\t<\/li>\t\t\t\t\t\t\t<li class=\"wc-block-product-categories-list-item\">\t\t\t\t\t<a style=\"\" href=\"https:\/\/nimueskin.ch\/fr\/categorie-produit\/mature-fr\/\"><span class=\"wc-block-product-categories-list-item__name\">Mature<\/span><\/a>\t\t\t\t<\/li>\t\t\t\t\t\t\t<li class=\"wc-block-product-categories-list-item\">\t\t\t\t\t<a style=\"\" href=\"https:\/\/nimueskin.ch\/fr\/produkt-kategorie\/muster\/\"><span class=\"wc-block-product-categories-list-item__name\">Muster<\/span><\/a>\t\t\t\t<\/li>\t\t\t\t\t\t\t<li class=\"wc-block-product-categories-list-item\">\t\t\t\t\t<a style=\"\" href=\"https:\/\/nimueskin.ch\/fr\/categorie-produit\/nettoyants\/\"><span class=\"wc-block-product-categories-list-item__name\">Nettoyants<\/span><\/a>\t\t\t\t<\/li>\t\t\t\t\t\t\t<li class=\"wc-block-product-categories-list-item\">\t\t\t\t\t<a style=\"\" href=\"https:\/\/nimueskin.ch\/fr\/categorie-produit\/nimue-core-essentials-fr\/\"><span class=\"wc-block-product-categories-list-item__name\">Nimue Core \/ Essentials<\/span><\/a>\t\t\t\t<\/li>\t\t\t\t\t\t\t<li class=\"wc-block-product-categories-list-item\">\t\t\t\t\t<a style=\"\" href=\"https:\/\/nimueskin.ch\/fr\/categorie-produit\/nouveau\/\"><span class=\"wc-block-product-categories-list-item__name\">Nouveau<\/span><\/a>\t\t\t\t<\/li>\t\t\t\t\t\t\t<li class=\"wc-block-product-categories-list-item\">\t\t\t\t\t<a style=\"\" href=\"https:\/\/nimueskin.ch\/fr\/categorie-produit\/problematique\/\"><span class=\"wc-block-product-categories-list-item__name\">Probl\u00e9matique<\/span><\/a>\t\t\t\t<\/li>\t\t\t\t\t\t\t<li class=\"wc-block-product-categories-list-item\">\t\t\t\t\t<a style=\"\" href=\"https:\/\/nimueskin.ch\/fr\/categorie-produit\/product-refill-fr\/\"><span class=\"wc-block-product-categories-list-item__name\">Product Refill<\/span><\/a>\t\t\t\t<\/li>\t\t\t\t\t\t\t<li class=\"wc-block-product-categories-list-item\">\t\t\t\t\t<a style=\"\" href=\"https:\/\/nimueskin.ch\/fr\/categorie-produit\/products-eligible-for-exfoliating-enzyme-samples\/\"><span class=\"wc-block-product-categories-list-item__name\">Products eligible for Exfoliating Enzyme Samples<\/span><\/a>\t\t\t\t<\/li>\t\t\t\t\t\t\t<li class=\"wc-block-product-categories-list-item\">\t\t\t\t\t<a style=\"\" href=\"https:\/\/nimueskin.ch\/fr\/categorie-produit\/produits-eligibles-aux-echantillons-creme-contour-des-yeux-anti-age\/\"><span class=\"wc-block-product-categories-list-item__name\">Produits \u00e9ligibles aux \u00c9chantillons Cr\u00e8me Contour des Yeux Anti-\u00c2ge<\/span><\/a>\t\t\t\t<\/li>\t\t\t\t\t\t\t<li class=\"wc-block-product-categories-list-item\">\t\t\t\t\t<a style=\"\" href=\"https:\/\/nimueskin.ch\/fr\/categorie-produit\/produits-eligibles-aux-echantillons-creme-mains-anti-age\/\"><span class=\"wc-block-product-categories-list-item__name\">Produits \u00e9ligibles aux \u00c9chantillons Cr\u00e8me Mains Anti-\u00c2ge<\/span><\/a>\t\t\t\t<\/li>\t\t\t\t\t\t\t<li class=\"wc-block-product-categories-list-item\">\t\t\t\t\t<a style=\"\" href=\"https:\/\/nimueskin.ch\/fr\/categorie-produit\/produits-eligibles-aux-echantillons-de-gel-nettoyant\/\"><span class=\"wc-block-product-categories-list-item__name\">Produits \u00e9ligibles aux \u00c9chantillons de Gel Nettoyant<\/span><\/a>\t\t\t\t<\/li>\t\t\t\t\t\t\t<li class=\"wc-block-product-categories-list-item\">\t\t\t\t\t<a style=\"\" href=\"https:\/\/nimueskin.ch\/fr\/categorie-produit\/produits-eligibles-aux-echantillons-sun-c-environmental-shield-spf-50\/\"><span class=\"wc-block-product-categories-list-item__name\">Produits \u00e9ligibles aux \u00e9chantillons Sun-C Environmental Shield SPF 50<\/span><\/a>\t\t\t\t<\/li>\t\t\t\t\t\t\t<li class=\"wc-block-product-categories-list-item\">\t\t\t\t\t<a style=\"\" href=\"https:\/\/nimueskin.ch\/fr\/categorie-produit\/produits-eligibles-aux-echantillons-sun-c-spf-40\/\"><span class=\"wc-block-product-categories-list-item__name\">Produits \u00e9ligibles aux \u00e9chantillons Sun-C SPF 40<\/span><\/a>\t\t\t\t<\/li>\t\t\t\t\t\t\t<li class=\"wc-block-product-categories-list-item\">\t\t\t\t\t<a style=\"\" href=\"https:\/\/nimueskin.ch\/fr\/categorie-produit\/produits-eligibles-aux-nimue-night-samples\/\"><span class=\"wc-block-product-categories-list-item__name\">Produits \u00e9ligibles aux Nimue Night Samples<\/span><\/a>\t\t\t\t<\/li>\t\t\t\t\t\t\t<li class=\"wc-block-product-categories-list-item\">\t\t\t\t\t<a style=\"\" href=\"https:\/\/nimueskin.ch\/fr\/categorie-produit\/produits-eligibles-pour-les-echantillons-dactivateur-alpha-lipoique\/\"><span class=\"wc-block-product-categories-list-item__name\">Produits \u00e9ligibles pour les \u00e9chantillons d&#039;activateur alpha lipo\u00efque<\/span><\/a>\t\t\t\t<\/li>\t\t\t\t\t\t\t<li class=\"wc-block-product-categories-list-item\">\t\t\t\t\t<a style=\"\" href=\"https:\/\/nimueskin.ch\/fr\/categorie-produit\/produits-eligibles-pour-les-echantillons-de-conditionneur\/\"><span class=\"wc-block-product-categories-list-item__name\">Produits \u00e9ligibles pour les \u00e9chantillons de conditionneur<\/span><\/a>\t\t\t\t<\/li>\t\t\t\t\t\t\t<li class=\"wc-block-product-categories-list-item\">\t\t\t\t\t<a style=\"\" href=\"https:\/\/nimueskin.ch\/fr\/categorie-produit\/produits-eligibles-pour-les-echantillons-de-purificateur\/\"><span class=\"wc-block-product-categories-list-item__name\">Produits \u00e9ligibles pour les \u00e9chantillons de purificateur<\/span><\/a>\t\t\t\t<\/li>\t\t\t\t\t\t\t<li class=\"wc-block-product-categories-list-item\">\t\t\t\t\t<a style=\"\" href=\"https:\/\/nimueskin.ch\/fr\/categorie-produit\/produits-eligibles-pour-les-echantillons-moisturizer-lite\/\"><span class=\"wc-block-product-categories-list-item__name\">Produits \u00e9ligibles pour les \u00e9chantillons Moisturizer Lite<\/span><\/a>\t\t\t\t<\/li>\t\t\t\t\t\t\t<li class=\"wc-block-product-categories-list-item\">\t\t\t\t\t<a style=\"\" href=\"https:\/\/nimueskin.ch\/fr\/categorie-produit\/produits-eligibles-pour-les-echantillons-nimue-day\/\"><span class=\"wc-block-product-categories-list-item__name\">Produits \u00e9ligibles pour les \u00e9chantillons Nimue Day<\/span><\/a>\t\t\t\t<\/li>\t\t\t\t\t\t\t<li class=\"wc-block-product-categories-list-item\">\t\t\t\t\t<a style=\"\" href=\"https:\/\/nimueskin.ch\/fr\/categorie-produit\/protection-solaire\/\"><span class=\"wc-block-product-categories-list-item__name\">Protection solaire<\/span><\/a>\t\t\t\t<\/li>\t\t\t\t\t\t\t<li class=\"wc-block-product-categories-list-item\">\t\t\t\t\t<a style=\"\" href=\"https:\/\/nimueskin.ch\/fr\/categorie-produit\/secheresse-deshydratation\/\"><span class=\"wc-block-product-categories-list-item__name\">S\u00e9cheresse &amp; D\u00e9shydratation<\/span><\/a>\t\t\t\t<\/li>\t\t\t\t\t\t\t<li class=\"wc-block-product-categories-list-item\">\t\t\t\t\t<a style=\"\" href=\"https:\/\/nimueskin.ch\/fr\/categorie-produit\/sensibilite-rougeurs\/\"><span class=\"wc-block-product-categories-list-item__name\">Sensibilit\u00e9 &amp; Rougeurs<\/span><\/a>\t\t\t\t<\/li>\t\t\t\t\t\t\t<li class=\"wc-block-product-categories-list-item\">\t\t\t\t\t<a style=\"\" href=\"https:\/\/nimueskin.ch\/fr\/categorie-produit\/serums-traitements\/\"><span class=\"wc-block-product-categories-list-item__name\">Serums &amp; Traitements<\/span><\/a>\t\t\t\t<\/li>\t\t\t\t\t\t\t<li class=\"wc-block-product-categories-list-item\">\t\t\t\t\t<a style=\"\" href=\"https:\/\/nimueskin.ch\/fr\/categorie-produit\/starter-kit-fr\/\"><span class=\"wc-block-product-categories-list-item__name\">Starter Kit<\/span><\/a>\t\t\t\t<\/li>\t\t\t\t\t\t\t<li class=\"wc-block-product-categories-list-item\">\t\t\t\t\t<a style=\"\" href=\"https:\/\/nimueskin.ch\/fr\/categorie-produit\/sun-c-fr\/\"><span class=\"wc-block-product-categories-list-item__name\">Sun-C<\/span><\/a>\t\t\t\t<\/li>\t\t\t\t\t\t\t<li class=\"wc-block-product-categories-list-item\">\t\t\t\t\t<a style=\"\" href=\"https:\/\/nimueskin.ch\/fr\/categorie-produit\/teint-irregulier-et-taches-brunes\/\"><span class=\"wc-block-product-categories-list-item__name\">Teint irr\u00e9gulier et taches brunes<\/span><\/a>\t\t\t\t<\/li>\t\t\t\t\t\t\t<li class=\"wc-block-product-categories-list-item\">\t\t\t\t\t<a style=\"\" href=\"https:\/\/nimueskin.ch\/fr\/categorie-produit\/yskin-fr\/\"><span class=\"wc-block-product-categories-list-item__name\">Y:Skin<\/span><\/a>\t\t\t\t<\/li>\t\t\t<\/ul><\/div>\n<div style=\"height:50px\" aria-hidden=\"true\" class=\"wp-block-spacer\"><\/div>\n","protected":false},"excerpt":{"rendered":"<p>&#8220;D\u00e9sol\u00e9, page introuvable&#8221;&#8221; ~ Essayez une nouvelle recherche ci-dessous. Recherche g\u00e9n\u00e9rale Recherche de produit Rechercher par cat\u00e9gorie<\/p>\n","protected":false},"author":18,"featured_media":0,"parent":0,"menu_order":0,"comment_status":"closed","ping_status":"closed","template":"","meta":{"inline_featured_image":false},"_links":{"self":[{"href":"https:\/\/nimueskin.ch\/fr\/wp-json\/wp\/v2\/pages\/15873"}],"collection":[{"href":"https:\/\/nimueskin.ch\/fr\/wp-json\/wp\/v2\/pages"}],"about":[{"href":"https:\/\/nimueskin.ch\/fr\/wp-json\/wp\/v2\/types\/page"}],"author":[{"embeddable":true,"href":"https:\/\/nimueskin.ch\/fr\/wp-json\/wp\/v2\/users\/18"}],"replies":[{"embeddable":true,"href":"https:\/\/nimueskin.ch\/fr\/wp-json\/wp\/v2\/comments?post=15873"}],"version-history":[{"count":3,"href":"https:\/\/nimueskin.ch\/fr\/wp-json\/wp\/v2\/pages\/15873\/revisions"}],"predecessor-version":[{"id":15876,"href":"https:\/\/nimueskin.ch\/fr\/wp-json\/wp\/v2\/pages\/15873\/revisions\/15876"}],"wp:attachment":[{"href":"https:\/\/nimueskin.ch\/fr\/wp-json\/wp\/v2\/media?parent=15873"}],"curies":[{"name":"wp","href":"https:\/\/api.w.org\/{rel}","templated":true}]}}