{"id":15385,"date":"2021-03-09T08:40:28","date_gmt":"2021-03-09T07:40:28","guid":{"rendered":"https:\/\/nimue.weblandschaft.ch\/product\/clarifying-mask\/"},"modified":"2021-03-09T08:40:28","modified_gmt":"2021-03-09T07:40:28","slug":"clarifying-mask-2-2","status":"publish","type":"product","link":"https:\/\/nimueskin.ch\/fr\/produkt\/clarifying-mask-2-2\/","title":{"rendered":"Clarifying Mask"},"content":{"rendered":"Eine kl\u00e4rende Creme-Gesichtsmaske, die speziell entwickelt wurde, um die Haut zu reinigen und Unreinheiten und \u00fcbersch\u00fcssiges Fett zu entfernen, ohne ihr Feuchtigkeit zu entziehen. Wenden Sie die Maske w\u00f6chentlich an, um ein glattes, verfeinertes Hautbild und ein gereinigtes, frisches und hydratisiertes Hautgef\u00fchl zu erhalten.","protected":false},"excerpt":{"rendered":"<p>Die kl\u00e4rende Gesichtsmaske von Nimue, die Unreinheiten und \u00fcbersch\u00fcssiges Fett entfernt, ohne die Haut auszutrocknen.<\/p>\n","protected":false},"featured_media":15001,"template":"","meta":{"inline_featured_image":false},"product_cat":[314,316,300,275,294],"product_tag":[],"_links":{"self":[{"href":"https:\/\/nimueskin.ch\/fr\/wp-json\/wp\/v2\/product\/15385"}],"collection":[{"href":"https:\/\/nimueskin.ch\/fr\/wp-json\/wp\/v2\/product"}],"about":[{"href":"https:\/\/nimueskin.ch\/fr\/wp-json\/wp\/v2\/types\/product"}],"wp:featuredmedia":[{"embeddable":true,"href":"https:\/\/nimueskin.ch\/fr\/wp-json\/wp\/v2\/media\/15001"}],"wp:attachment":[{"href":"https:\/\/nimueskin.ch\/fr\/wp-json\/wp\/v2\/media?parent=15385"}],"wp:term":[{"taxonomy":"product_cat","embeddable":true,"href":"https:\/\/nimueskin.ch\/fr\/wp-json\/wp\/v2\/product_cat?post=15385"},{"taxonomy":"product_tag","embeddable":true,"href":"https:\/\/nimueskin.ch\/fr\/wp-json\/wp\/v2\/product_tag?post=15385"}],"curies":[{"name":"wp","href":"https:\/\/api.w.org\/{rel}","templated":true}]}}