{"id":15431,"date":"2021-03-09T06:35:02","date_gmt":"2021-03-09T05:35:02","guid":{"rendered":"https:\/\/nimue.weblandschaft.ch\/product\/yskin-moisturiser\/"},"modified":"2022-10-10T15:06:22","modified_gmt":"2022-10-10T13:06:22","slug":"yskin-moisturiser-2","status":"publish","type":"product","link":"https:\/\/nimueskin.ch\/fr\/produkt\/yskin-moisturiser-2\/","title":{"rendered":"Y:Skin Moisturiser"},"content":{"rendered":"Eine t\u00e4gliche Feuchtigkeitspflege mit Antioxidantien, die die Haut hydratisiert, beruhigt und sch\u00fctzt.","protected":false},"excerpt":{"rendered":"<p>Die t\u00e4gliche Feuchtigkeitspflege von Nimue spendet Feuchtigkeit, beruhigt und sch\u00fctzt die Haut.<\/p>\n","protected":false},"featured_media":14955,"template":"","meta":{"inline_featured_image":false},"product_cat":[314,329,328],"product_tag":[],"_links":{"self":[{"href":"https:\/\/nimueskin.ch\/fr\/wp-json\/wp\/v2\/product\/15431"}],"collection":[{"href":"https:\/\/nimueskin.ch\/fr\/wp-json\/wp\/v2\/product"}],"about":[{"href":"https:\/\/nimueskin.ch\/fr\/wp-json\/wp\/v2\/types\/product"}],"wp:featuredmedia":[{"embeddable":true,"href":"https:\/\/nimueskin.ch\/fr\/wp-json\/wp\/v2\/media\/14955"}],"wp:attachment":[{"href":"https:\/\/nimueskin.ch\/fr\/wp-json\/wp\/v2\/media?parent=15431"}],"wp:term":[{"taxonomy":"product_cat","embeddable":true,"href":"https:\/\/nimueskin.ch\/fr\/wp-json\/wp\/v2\/product_cat?post=15431"},{"taxonomy":"product_tag","embeddable":true,"href":"https:\/\/nimueskin.ch\/fr\/wp-json\/wp\/v2\/product_tag?post=15431"}],"curies":[{"name":"wp","href":"https:\/\/api.w.org\/{rel}","templated":true}]}}