{"id":15941,"date":"2021-05-07T05:55:03","date_gmt":"2021-05-07T03:55:03","guid":{"rendered":"https:\/\/nimueskin.ch\/product\/peeling-thermoflash\/"},"modified":"2022-12-28T17:48:57","modified_gmt":"2022-12-28T16:48:57","slug":"thermoflash-peel","status":"publish","type":"product","link":"https:\/\/nimueskin.ch\/fr\/produit\/thermoflash-peel\/","title":{"rendered":"Peeling ThermoFlash"},"content":{"rendered":"Un soin \u00e0 domicile DIY avec la technologie de chauffage de Nimue qui donne des r\u00e9sultats en seulement 10 minutes. Ce masque resurfa\u00e7ant procure un effet tenseur et liftant, nettoie les pores obstru\u00e9s, d\u00e9toxifie et oxyg\u00e8ne la peau. Ne pas utiliser sur peau sensible","protected":false},"excerpt":{"rendered":"<p>Le masque resurfa\u00e7ant de Nimue qui procure un effet tenseur et liftant, nettoie les pores obstru\u00e9s, d\u00e9toxifie et oxyg\u00e8ne la peau.<\/p>\n","protected":false},"featured_media":15192,"template":"","meta":{"inline_featured_image":false},"product_cat":[349,350],"product_tag":[],"_links":{"self":[{"href":"https:\/\/nimueskin.ch\/fr\/wp-json\/wp\/v2\/product\/15941"}],"collection":[{"href":"https:\/\/nimueskin.ch\/fr\/wp-json\/wp\/v2\/product"}],"about":[{"href":"https:\/\/nimueskin.ch\/fr\/wp-json\/wp\/v2\/types\/product"}],"wp:featuredmedia":[{"embeddable":true,"href":"https:\/\/nimueskin.ch\/fr\/wp-json\/wp\/v2\/media\/15192"}],"wp:attachment":[{"href":"https:\/\/nimueskin.ch\/fr\/wp-json\/wp\/v2\/media?parent=15941"}],"wp:term":[{"taxonomy":"product_cat","embeddable":true,"href":"https:\/\/nimueskin.ch\/fr\/wp-json\/wp\/v2\/product_cat?post=15941"},{"taxonomy":"product_tag","embeddable":true,"href":"https:\/\/nimueskin.ch\/fr\/wp-json\/wp\/v2\/product_tag?post=15941"}],"curies":[{"name":"wp","href":"https:\/\/api.w.org\/{rel}","templated":true}]}}