{"id":15943,"date":"2021-05-04T12:00:42","date_gmt":"2021-05-04T10:00:42","guid":{"rendered":"https:\/\/nimueskin.ch\/product\/lingettes-resurfacantes-actives\/"},"modified":"2022-12-28T17:55:57","modified_gmt":"2022-12-28T16:55:57","slug":"active-resurfacing-wipes","status":"publish","type":"product","link":"https:\/\/nimueskin.ch\/fr\/produit\/active-resurfacing-wipes\/","title":{"rendered":"Lingettes resurfa\u00e7antes actives"},"content":{"rendered":"Une solution pour un rajeunissement cibl\u00e9 et puissant de la peau qui resurface la peau, r\u00e9duit le gras et les \u00e9ruptions cutan\u00e9es, favorise un teint uniforme et une texture lisse. Pratique pour les soins \u00e0 domicile et en voyage. Ne pas utiliser sur peau sensible.","protected":false},"excerpt":{"rendered":"<p>Les lingettes puissantes de Nimue qui resurfacent la peau, r\u00e9duisent le gras et les \u00e9ruptions cutan\u00e9es, favorisent un teint uniforme et une texture lisse.<\/p>\n","protected":false},"featured_media":15190,"template":"","meta":{"inline_featured_image":false},"product_cat":[353,354,350,355,352],"product_tag":[],"_links":{"self":[{"href":"https:\/\/nimueskin.ch\/fr\/wp-json\/wp\/v2\/product\/15943"}],"collection":[{"href":"https:\/\/nimueskin.ch\/fr\/wp-json\/wp\/v2\/product"}],"about":[{"href":"https:\/\/nimueskin.ch\/fr\/wp-json\/wp\/v2\/types\/product"}],"wp:featuredmedia":[{"embeddable":true,"href":"https:\/\/nimueskin.ch\/fr\/wp-json\/wp\/v2\/media\/15190"}],"wp:attachment":[{"href":"https:\/\/nimueskin.ch\/fr\/wp-json\/wp\/v2\/media?parent=15943"}],"wp:term":[{"taxonomy":"product_cat","embeddable":true,"href":"https:\/\/nimueskin.ch\/fr\/wp-json\/wp\/v2\/product_cat?post=15943"},{"taxonomy":"product_tag","embeddable":true,"href":"https:\/\/nimueskin.ch\/fr\/wp-json\/wp\/v2\/product_tag?post=15943"}],"curies":[{"name":"wp","href":"https:\/\/api.w.org\/{rel}","templated":true}]}}