{"id":15951,"date":"2021-03-09T09:06:33","date_gmt":"2021-03-09T08:06:33","guid":{"rendered":"https:\/\/nimueskin.ch\/product\/hyperpigmented-skin-starter-pack\/"},"modified":"2022-12-28T17:57:38","modified_gmt":"2022-12-28T16:57:38","slug":"hyperpigmented-skin-starter-pack-2","status":"publish","type":"product","link":"https:\/\/nimueskin.ch\/fr\/produit\/hyperpigmented-skin-starter-pack-2\/","title":{"rendered":"Hyperpigmented Skin Starter Pack"},"content":{"rendered":"Une gamme de produits de soins \u00e0 domicile sp\u00e9cialement con\u00e7us pour r\u00e9duire l&#8217;hyperpigmentation, pour une peau plus lumineuse et plus uniforme. Ce kit contient six produits essentiels : Gel nettoyant, Conditioner, Enzyme exfoliante, Day Fader, Night Fader et SPF 40.","protected":false},"excerpt":{"rendered":"<p>Le kit de produits de soins \u00e0 domicile formul\u00e9 scientifiquement par Nimue pour le traitement et le contr\u00f4le de l&#8217;hyperpigmentation et du teint irr\u00e9gulier.<\/p>\n","protected":false},"featured_media":15012,"template":"","meta":{"inline_featured_image":false},"product_cat":[354,357,364,365,358],"product_tag":[],"_links":{"self":[{"href":"https:\/\/nimueskin.ch\/fr\/wp-json\/wp\/v2\/product\/15951"}],"collection":[{"href":"https:\/\/nimueskin.ch\/fr\/wp-json\/wp\/v2\/product"}],"about":[{"href":"https:\/\/nimueskin.ch\/fr\/wp-json\/wp\/v2\/types\/product"}],"wp:featuredmedia":[{"embeddable":true,"href":"https:\/\/nimueskin.ch\/fr\/wp-json\/wp\/v2\/media\/15012"}],"wp:attachment":[{"href":"https:\/\/nimueskin.ch\/fr\/wp-json\/wp\/v2\/media?parent=15951"}],"wp:term":[{"taxonomy":"product_cat","embeddable":true,"href":"https:\/\/nimueskin.ch\/fr\/wp-json\/wp\/v2\/product_cat?post=15951"},{"taxonomy":"product_tag","embeddable":true,"href":"https:\/\/nimueskin.ch\/fr\/wp-json\/wp\/v2\/product_tag?post=15951"}],"curies":[{"name":"wp","href":"https:\/\/api.w.org\/{rel}","templated":true}]}}