{"id":15953,"date":"2021-03-09T08:59:37","date_gmt":"2021-03-09T07:59:37","guid":{"rendered":"https:\/\/nimueskin.ch\/product\/environmentally-damaged-skin-starter-pack\/"},"modified":"2022-12-28T17:57:40","modified_gmt":"2022-12-28T16:57:40","slug":"environmentally-damaged-skin-starter-pack-2","status":"publish","type":"product","link":"https:\/\/nimueskin.ch\/fr\/produit\/environmentally-damaged-skin-starter-pack-2\/","title":{"rendered":"Environmentally Damaged Skin Starter Pack"},"content":{"rendered":"Une gamme de produits de soins \u00e0 domicile sp\u00e9cialement con\u00e7us pour lutter contre les signes du vieillissement en am\u00e9liorant le rajeunissement cellulaire et la sant\u00e9 globale de la peau afin d&#8217;inverser les signes du vieillissement pr\u00e9matur\u00e9. Ce kit contient six produits essentiels : Gel Nettoyant, Conditioner, Enzyme Exfoliante, Nimue Jour, Nimue Nuit et SPF 40.","protected":false},"excerpt":{"rendered":"<p>Le kit de produits de soins \u00e0 domicile formul\u00e9s scientifiquement par Nimue pour r\u00e9parer et rajeunir la peau endommag\u00e9e par l&#8217;environnement.<\/p>\n","protected":false},"featured_media":15010,"template":"","meta":{"inline_featured_image":false},"product_cat":[353,357,364,365,363,358],"product_tag":[],"_links":{"self":[{"href":"https:\/\/nimueskin.ch\/fr\/wp-json\/wp\/v2\/product\/15953"}],"collection":[{"href":"https:\/\/nimueskin.ch\/fr\/wp-json\/wp\/v2\/product"}],"about":[{"href":"https:\/\/nimueskin.ch\/fr\/wp-json\/wp\/v2\/types\/product"}],"wp:featuredmedia":[{"embeddable":true,"href":"https:\/\/nimueskin.ch\/fr\/wp-json\/wp\/v2\/media\/15010"}],"wp:attachment":[{"href":"https:\/\/nimueskin.ch\/fr\/wp-json\/wp\/v2\/media?parent=15953"}],"wp:term":[{"taxonomy":"product_cat","embeddable":true,"href":"https:\/\/nimueskin.ch\/fr\/wp-json\/wp\/v2\/product_cat?post=15953"},{"taxonomy":"product_tag","embeddable":true,"href":"https:\/\/nimueskin.ch\/fr\/wp-json\/wp\/v2\/product_tag?post=15953"}],"curies":[{"name":"wp","href":"https:\/\/api.w.org\/{rel}","templated":true}]}}