{"id":15959,"date":"2021-03-09T08:48:03","date_gmt":"2021-03-09T07:48:03","guid":{"rendered":"https:\/\/nimueskin.ch\/product\/hyaluronic-oil\/"},"modified":"2022-12-28T17:58:43","modified_gmt":"2022-12-28T16:58:43","slug":"hyaluronic-oil-2","status":"publish","type":"product","link":"https:\/\/nimueskin.ch\/fr\/produit\/hyaluronic-oil-2\/","title":{"rendered":"Hyaluronic Oil"},"content":{"rendered":"Un acide hyaluronique soluble dans l&#8217;huile de nouvelle g\u00e9n\u00e9ration et le premier sur le march\u00e9, infus\u00e9 dans un m\u00e9lange d&#8217;huiles qui offre \u00e0 la fois une hydratation et une hydratation intenses, fournit simultan\u00e9ment un remplacement de l&#8217;eau et de l&#8217;huile dans la peau. Id\u00e9ale pour les climats secs et froids, cette huile relipidante s&#8217;applique matin et soir pour une peau plus douce, plus lisse et plus \u00e9lastique et confortable.","protected":false},"excerpt":{"rendered":"<p>L&#8217;infusion d&#8217;acide hyaluronique soluble dans l&#8217;huile de Nimue con\u00e7ue pour apporter une hydratation et une hydratation intenses, en particulier pour les peaux expos\u00e9es aux climats secs et froids.<\/p>\n","protected":false},"featured_media":15004,"template":"","meta":{"inline_featured_image":false},"product_cat":[373,375,350,374,376,352],"product_tag":[],"_links":{"self":[{"href":"https:\/\/nimueskin.ch\/fr\/wp-json\/wp\/v2\/product\/15959"}],"collection":[{"href":"https:\/\/nimueskin.ch\/fr\/wp-json\/wp\/v2\/product"}],"about":[{"href":"https:\/\/nimueskin.ch\/fr\/wp-json\/wp\/v2\/types\/product"}],"wp:featuredmedia":[{"embeddable":true,"href":"https:\/\/nimueskin.ch\/fr\/wp-json\/wp\/v2\/media\/15004"}],"wp:attachment":[{"href":"https:\/\/nimueskin.ch\/fr\/wp-json\/wp\/v2\/media?parent=15959"}],"wp:term":[{"taxonomy":"product_cat","embeddable":true,"href":"https:\/\/nimueskin.ch\/fr\/wp-json\/wp\/v2\/product_cat?post=15959"},{"taxonomy":"product_tag","embeddable":true,"href":"https:\/\/nimueskin.ch\/fr\/wp-json\/wp\/v2\/product_tag?post=15959"}],"curies":[{"name":"wp","href":"https:\/\/api.w.org\/{rel}","templated":true}]}}