{"id":15963,"date":"2021-03-09T08:37:12","date_gmt":"2021-03-09T07:37:12","guid":{"rendered":"https:\/\/nimueskin.ch\/product\/anti-ageing-leave-on-mask\/"},"modified":"2022-12-28T17:58:48","modified_gmt":"2022-12-28T16:58:48","slug":"anti-ageing-leave-on-mask-2","status":"publish","type":"product","link":"https:\/\/nimueskin.ch\/fr\/produit\/anti-ageing-leave-on-mask-2\/","title":{"rendered":"Anti-Ageing Leave On Mask"},"content":{"rendered":"Un masque anti-\u00e2ge qui hydrate, recharge et revitalise la peau. Laissez agir ce traitement nourrissant pendant la nuit pour hydrater et repulper la peau, diminuer l&#8217;apparence des ridules et donner \u00e0 la peau un \u00e9clat lumineux.","protected":false},"excerpt":{"rendered":"<p>Le masque anti-\u00e2ge de nuit de Nimue qui hydrate et revitalise la peau pour att\u00e9nuer les signes du vieillissement pr\u00e9matur\u00e9.<\/p>\n","protected":false},"featured_media":14998,"template":"","meta":{"inline_featured_image":false},"product_cat":[373,349,375,381,361,374],"product_tag":[],"_links":{"self":[{"href":"https:\/\/nimueskin.ch\/fr\/wp-json\/wp\/v2\/product\/15963"}],"collection":[{"href":"https:\/\/nimueskin.ch\/fr\/wp-json\/wp\/v2\/product"}],"about":[{"href":"https:\/\/nimueskin.ch\/fr\/wp-json\/wp\/v2\/types\/product"}],"wp:featuredmedia":[{"embeddable":true,"href":"https:\/\/nimueskin.ch\/fr\/wp-json\/wp\/v2\/media\/14998"}],"wp:attachment":[{"href":"https:\/\/nimueskin.ch\/fr\/wp-json\/wp\/v2\/media?parent=15963"}],"wp:term":[{"taxonomy":"product_cat","embeddable":true,"href":"https:\/\/nimueskin.ch\/fr\/wp-json\/wp\/v2\/product_cat?post=15963"},{"taxonomy":"product_tag","embeddable":true,"href":"https:\/\/nimueskin.ch\/fr\/wp-json\/wp\/v2\/product_tag?post=15963"}],"curies":[{"name":"wp","href":"https:\/\/api.w.org\/{rel}","templated":true}]}}