{"id":15967,"date":"2021-03-09T08:30:26","date_gmt":"2021-03-09T07:30:26","guid":{"rendered":"https:\/\/nimueskin.ch\/product\/fade-treatment\/"},"modified":"2022-12-28T18:00:04","modified_gmt":"2022-12-28T17:00:04","slug":"fade-treatment-2","status":"publish","type":"product","link":"https:\/\/nimueskin.ch\/fr\/produit\/fade-treatment-2\/","title":{"rendered":"Fade Treatment"},"content":{"rendered":"Un traitement anti-taches super concentr\u00e9 sp\u00e9cialement formul\u00e9 pour les zones hyperpigment\u00e9es localis\u00e9es afin de favoriser une coloration uniforme de la peau et de r\u00e9duire l&#8217;apparence des taches de soleil et de vieillesse.","protected":false},"excerpt":{"rendered":"<p>Le traitement localis\u00e9 concentr\u00e9 de Nimue pour une utilisation sur des zones localis\u00e9es avec des taches de vieillesse hyperpigment\u00e9es.<\/p>\n","protected":false},"featured_media":14994,"template":"","meta":{"inline_featured_image":false},"product_cat":[354,363,380,352,378],"product_tag":[],"_links":{"self":[{"href":"https:\/\/nimueskin.ch\/fr\/wp-json\/wp\/v2\/product\/15967"}],"collection":[{"href":"https:\/\/nimueskin.ch\/fr\/wp-json\/wp\/v2\/product"}],"about":[{"href":"https:\/\/nimueskin.ch\/fr\/wp-json\/wp\/v2\/types\/product"}],"wp:featuredmedia":[{"embeddable":true,"href":"https:\/\/nimueskin.ch\/fr\/wp-json\/wp\/v2\/media\/14994"}],"wp:attachment":[{"href":"https:\/\/nimueskin.ch\/fr\/wp-json\/wp\/v2\/media?parent=15967"}],"wp:term":[{"taxonomy":"product_cat","embeddable":true,"href":"https:\/\/nimueskin.ch\/fr\/wp-json\/wp\/v2\/product_cat?post=15967"},{"taxonomy":"product_tag","embeddable":true,"href":"https:\/\/nimueskin.ch\/fr\/wp-json\/wp\/v2\/product_tag?post=15967"}],"curies":[{"name":"wp","href":"https:\/\/api.w.org\/{rel}","templated":true}]}}