{"id":15969,"date":"2021-03-09T08:26:45","date_gmt":"2021-03-09T07:26:45","guid":{"rendered":"https:\/\/nimueskin.ch\/product\/problematic-spot-treatment\/"},"modified":"2022-12-28T18:00:09","modified_gmt":"2022-12-28T17:00:09","slug":"problematic-spot-treatment-2","status":"publish","type":"product","link":"https:\/\/nimueskin.ch\/fr\/produit\/problematic-spot-treatment-2\/","title":{"rendered":"Problematic Spot Treatment"},"content":{"rendered":"Un traitement localis\u00e9 l\u00e9ger qui cible et r\u00e9duit les \u00e9ruptions cutan\u00e9es tout en aidant \u00e0 calmer et apaiser les irritations et en r\u00e9duisant la congestion.","protected":false},"excerpt":{"rendered":"<p>Le traitement localis\u00e9 l\u00e9ger de Nimue pour les \u00e9ruptions cutan\u00e9es et les imperfections.<\/p>\n","protected":false},"featured_media":14992,"template":"","meta":{"inline_featured_image":false},"product_cat":[377,383,363,380],"product_tag":[],"_links":{"self":[{"href":"https:\/\/nimueskin.ch\/fr\/wp-json\/wp\/v2\/product\/15969"}],"collection":[{"href":"https:\/\/nimueskin.ch\/fr\/wp-json\/wp\/v2\/product"}],"about":[{"href":"https:\/\/nimueskin.ch\/fr\/wp-json\/wp\/v2\/types\/product"}],"wp:featuredmedia":[{"embeddable":true,"href":"https:\/\/nimueskin.ch\/fr\/wp-json\/wp\/v2\/media\/14992"}],"wp:attachment":[{"href":"https:\/\/nimueskin.ch\/fr\/wp-json\/wp\/v2\/media?parent=15969"}],"wp:term":[{"taxonomy":"product_cat","embeddable":true,"href":"https:\/\/nimueskin.ch\/fr\/wp-json\/wp\/v2\/product_cat?post=15969"},{"taxonomy":"product_tag","embeddable":true,"href":"https:\/\/nimueskin.ch\/fr\/wp-json\/wp\/v2\/product_tag?post=15969"}],"curies":[{"name":"wp","href":"https:\/\/api.w.org\/{rel}","templated":true}]}}