{"id":15971,"date":"2021-03-09T08:23:50","date_gmt":"2021-03-09T07:23:50","guid":{"rendered":"https:\/\/nimueskin.ch\/product\/skin-refirmer\/"},"modified":"2022-12-28T18:00:22","modified_gmt":"2022-12-28T17:00:22","slug":"skin-refirmer-2","status":"publish","type":"product","link":"https:\/\/nimueskin.ch\/fr\/produit\/skin-refirmer-2\/","title":{"rendered":"Skin Refirmer"},"content":{"rendered":"Une cr\u00e8me de jour et de nuit de type botox qui donne un effet liftant et tenseur instantan\u00e9 \u00e0 la peau tout en offrant une action \u00e0 long terme pour r\u00e9duire l&#8217;apparence des ridules, des rides et du rel\u00e2chement.","protected":false},"excerpt":{"rendered":"<p>La cr\u00e8me de jour et de nuit liftante et raffermissante de Nimue qui donne instantan\u00e9ment \u00e0 la peau une apparence plus jeune.<\/p>\n","protected":false},"featured_media":14990,"template":"","meta":{"inline_featured_image":false},"product_cat":[375,381,364],"product_tag":[],"_links":{"self":[{"href":"https:\/\/nimueskin.ch\/fr\/wp-json\/wp\/v2\/product\/15971"}],"collection":[{"href":"https:\/\/nimueskin.ch\/fr\/wp-json\/wp\/v2\/product"}],"about":[{"href":"https:\/\/nimueskin.ch\/fr\/wp-json\/wp\/v2\/types\/product"}],"wp:featuredmedia":[{"embeddable":true,"href":"https:\/\/nimueskin.ch\/fr\/wp-json\/wp\/v2\/media\/14990"}],"wp:attachment":[{"href":"https:\/\/nimueskin.ch\/fr\/wp-json\/wp\/v2\/media?parent=15971"}],"wp:term":[{"taxonomy":"product_cat","embeddable":true,"href":"https:\/\/nimueskin.ch\/fr\/wp-json\/wp\/v2\/product_cat?post=15971"},{"taxonomy":"product_tag","embeddable":true,"href":"https:\/\/nimueskin.ch\/fr\/wp-json\/wp\/v2\/product_tag?post=15971"}],"curies":[{"name":"wp","href":"https:\/\/api.w.org\/{rel}","templated":true}]}}