{"id":15977,"date":"2021-03-09T08:12:22","date_gmt":"2021-03-09T07:12:22","guid":{"rendered":"https:\/\/nimueskin.ch\/product\/fader-serum\/"},"modified":"2022-12-28T18:02:35","modified_gmt":"2022-12-28T17:02:35","slug":"fader-serum-2","status":"publish","type":"product","link":"https:\/\/nimueskin.ch\/fr\/produit\/fader-serum-2\/","title":{"rendered":"Fader Serum"},"content":{"rendered":"Un s\u00e9rum concentr\u00e9 tr\u00e8s efficace qui \u00e9claircit les zones d&#8217;hyperpigmentation et favorise un teint et un teint plus uniformes. Ce booster apaise et r\u00e9duit \u00e9galement les rougeurs et le teint terne, laissant la peau plus radieuse.","protected":false},"excerpt":{"rendered":"<p>Le s\u00e9rum \u00e9claircissant concentr\u00e9 de Nimue pour le traitement de l&#8217;hyperpigmentation et du teint irr\u00e9gulier.<\/p>\n","protected":false},"featured_media":14984,"template":"","meta":{"inline_featured_image":false},"product_cat":[387,354,388,367,352,378],"product_tag":[],"_links":{"self":[{"href":"https:\/\/nimueskin.ch\/fr\/wp-json\/wp\/v2\/product\/15977"}],"collection":[{"href":"https:\/\/nimueskin.ch\/fr\/wp-json\/wp\/v2\/product"}],"about":[{"href":"https:\/\/nimueskin.ch\/fr\/wp-json\/wp\/v2\/types\/product"}],"wp:featuredmedia":[{"embeddable":true,"href":"https:\/\/nimueskin.ch\/fr\/wp-json\/wp\/v2\/media\/14984"}],"wp:attachment":[{"href":"https:\/\/nimueskin.ch\/fr\/wp-json\/wp\/v2\/media?parent=15977"}],"wp:term":[{"taxonomy":"product_cat","embeddable":true,"href":"https:\/\/nimueskin.ch\/fr\/wp-json\/wp\/v2\/product_cat?post=15977"},{"taxonomy":"product_tag","embeddable":true,"href":"https:\/\/nimueskin.ch\/fr\/wp-json\/wp\/v2\/product_tag?post=15977"}],"curies":[{"name":"wp","href":"https:\/\/api.w.org\/{rel}","templated":true}]}}