{"id":15979,"date":"2021-03-09T08:09:47","date_gmt":"2021-03-09T07:09:47","guid":{"rendered":"https:\/\/nimueskin.ch\/product\/alpha-lipoic-activator\/"},"modified":"2022-12-28T18:03:28","modified_gmt":"2022-12-28T17:03:28","slug":"alpha-lipoic-activator-2","status":"publish","type":"product","link":"https:\/\/nimueskin.ch\/fr\/produit\/alpha-lipoic-activator-2\/","title":{"rendered":"Alpha Lipoic Activator"},"content":{"rendered":"Un s\u00e9rum super antioxydant qui combat les effets des dommages cutan\u00e9s environnementaux et des radicaux libres, r\u00e9duisant l&#8217;apparence des rides et ridules. Ce booster hautement actif raffermit, raffermit et revitalise les peaux ternes et fatigu\u00e9es, ce qui leur donne de l&#8217;\u00e9clat.","protected":false},"excerpt":{"rendered":"<p>Le s\u00e9rum super antioxydant de Nimue qui raffermit et revitalise les peaux ternes et fatigu\u00e9es, ce qui leur donne de l&#8217;\u00e9clat.<\/p>\n","protected":false},"featured_media":14982,"template":"","meta":{"inline_featured_image":false},"product_cat":[373,379,380,352,378],"product_tag":[],"_links":{"self":[{"href":"https:\/\/nimueskin.ch\/fr\/wp-json\/wp\/v2\/product\/15979"}],"collection":[{"href":"https:\/\/nimueskin.ch\/fr\/wp-json\/wp\/v2\/product"}],"about":[{"href":"https:\/\/nimueskin.ch\/fr\/wp-json\/wp\/v2\/types\/product"}],"wp:featuredmedia":[{"embeddable":true,"href":"https:\/\/nimueskin.ch\/fr\/wp-json\/wp\/v2\/media\/14982"}],"wp:attachment":[{"href":"https:\/\/nimueskin.ch\/fr\/wp-json\/wp\/v2\/media?parent=15979"}],"wp:term":[{"taxonomy":"product_cat","embeddable":true,"href":"https:\/\/nimueskin.ch\/fr\/wp-json\/wp\/v2\/product_cat?post=15979"},{"taxonomy":"product_tag","embeddable":true,"href":"https:\/\/nimueskin.ch\/fr\/wp-json\/wp\/v2\/product_tag?post=15979"}],"curies":[{"name":"wp","href":"https:\/\/api.w.org\/{rel}","templated":true}]}}