{"id":15983,"date":"2021-03-09T07:54:51","date_gmt":"2021-03-09T06:54:51","guid":{"rendered":"https:\/\/nimueskin.ch\/product\/creme-contour-des-yeux-anti-age\/"},"modified":"2022-12-28T18:03:35","modified_gmt":"2022-12-28T17:03:35","slug":"anti-ageing-eye-cream-2","status":"publish","type":"product","link":"https:\/\/nimueskin.ch\/fr\/produit\/anti-ageing-eye-cream-2\/","title":{"rendered":"Cr\u00e8me contour des yeux anti-\u00e2ge"},"content":{"rendered":"Une cr\u00e8me contour des yeux anti-\u00e2ge \u00e0 la texture l\u00e9g\u00e8re qui hydrate et repulpe les rides, am\u00e9liore l&#8217;\u00e9lasticit\u00e9 et lisse les rides autour des yeux.","protected":false},"excerpt":{"rendered":"<p>Une cr\u00e8me anti-\u00e2ge l\u00e9g\u00e8re pour les yeux qui hydrate et repulpe la peau pour r\u00e9duire les rides et am\u00e9liorer l&#8217;\u00e9lasticit\u00e9.<\/p>\n","protected":false},"featured_media":14974,"template":"","meta":{"inline_featured_image":false},"product_cat":[373,387,369,388,374],"product_tag":[],"_links":{"self":[{"href":"https:\/\/nimueskin.ch\/fr\/wp-json\/wp\/v2\/product\/15983"}],"collection":[{"href":"https:\/\/nimueskin.ch\/fr\/wp-json\/wp\/v2\/product"}],"about":[{"href":"https:\/\/nimueskin.ch\/fr\/wp-json\/wp\/v2\/types\/product"}],"wp:featuredmedia":[{"embeddable":true,"href":"https:\/\/nimueskin.ch\/fr\/wp-json\/wp\/v2\/media\/14974"}],"wp:attachment":[{"href":"https:\/\/nimueskin.ch\/fr\/wp-json\/wp\/v2\/media?parent=15983"}],"wp:term":[{"taxonomy":"product_cat","embeddable":true,"href":"https:\/\/nimueskin.ch\/fr\/wp-json\/wp\/v2\/product_cat?post=15983"},{"taxonomy":"product_tag","embeddable":true,"href":"https:\/\/nimueskin.ch\/fr\/wp-json\/wp\/v2\/product_tag?post=15983"}],"curies":[{"name":"wp","href":"https:\/\/api.w.org\/{rel}","templated":true}]}}