{"id":15985,"date":"2021-03-09T08:06:08","date_gmt":"2021-03-09T07:06:08","guid":{"rendered":"https:\/\/nimueskin.ch\/product\/multi-rejuvenating-serum\/"},"modified":"2021-03-09T08:06:08","modified_gmt":"2021-03-09T07:06:08","slug":"multi-rejuvenating-serum-2-2","status":"publish","type":"product","link":"https:\/\/nimueskin.ch\/fr\/produit\/multi-rejuvenating-serum-2-2\/","title":{"rendered":"Multi Rejuvenating Serum"},"content":{"rendered":"Un s\u00e9rum stimulant au collag\u00e8ne qui r\u00e9pare et renouvelle la peau, aide \u00e0 lifter et raffermir, r\u00e9duisant l&#8217;apparence des rides et ridules. Ce booster prot\u00e8ge \u00e9galement contre les effets du vieillissement caus\u00e9s par les radicaux libres, ce qui donne un teint plus uniforme et une peau saine et \u00e9clatante.","protected":false},"excerpt":{"rendered":"<p>Le s\u00e9rum stimulant au collag\u00e8ne de Nimue qui r\u00e9pare et renouvelle la peau, luttant contre les effets des radicaux libres et du vieillissement pr\u00e9matur\u00e9.<\/p>\n","protected":false},"featured_media":14980,"template":"","meta":{"inline_featured_image":false},"product_cat":[373,375,361,360,352,378],"product_tag":[],"_links":{"self":[{"href":"https:\/\/nimueskin.ch\/fr\/wp-json\/wp\/v2\/product\/15985"}],"collection":[{"href":"https:\/\/nimueskin.ch\/fr\/wp-json\/wp\/v2\/product"}],"about":[{"href":"https:\/\/nimueskin.ch\/fr\/wp-json\/wp\/v2\/types\/product"}],"wp:featuredmedia":[{"embeddable":true,"href":"https:\/\/nimueskin.ch\/fr\/wp-json\/wp\/v2\/media\/14980"}],"wp:attachment":[{"href":"https:\/\/nimueskin.ch\/fr\/wp-json\/wp\/v2\/media?parent=15985"}],"wp:term":[{"taxonomy":"product_cat","embeddable":true,"href":"https:\/\/nimueskin.ch\/fr\/wp-json\/wp\/v2\/product_cat?post=15985"},{"taxonomy":"product_tag","embeddable":true,"href":"https:\/\/nimueskin.ch\/fr\/wp-json\/wp\/v2\/product_tag?post=15985"}],"curies":[{"name":"wp","href":"https:\/\/api.w.org\/{rel}","templated":true}]}}