{"id":15989,"date":"2021-03-09T07:46:21","date_gmt":"2021-03-09T06:46:21","guid":{"rendered":"https:\/\/nimueskin.ch\/product\/element-barrier\/"},"modified":"2022-12-28T18:06:16","modified_gmt":"2022-12-28T17:06:16","slug":"element-barrier-2","status":"publish","type":"product","link":"https:\/\/nimueskin.ch\/fr\/produit\/element-barrier-2\/","title":{"rendered":"Element Barrier"},"content":{"rendered":"Une cr\u00e8me l\u00e9g\u00e8re pour le visage ou le corps qui prot\u00e8ge la barri\u00e8re cutan\u00e9e contre les \u00e9l\u00e9ments environnementaux agressifs tels que les temp\u00e9ratures extr\u00eames et le vent.","protected":false},"excerpt":{"rendered":"<p>La cr\u00e8me barri\u00e8re l\u00e9g\u00e8re de Nimue pour le visage ou le corps qui prot\u00e8ge contre les \u00e9l\u00e9ments environnementaux agressifs.<\/p>\n","protected":false},"featured_media":14970,"template":"","meta":{"inline_featured_image":false},"product_cat":[377,373,383,353,354,362,391,375,390,374,376,392,378],"product_tag":[],"_links":{"self":[{"href":"https:\/\/nimueskin.ch\/fr\/wp-json\/wp\/v2\/product\/15989"}],"collection":[{"href":"https:\/\/nimueskin.ch\/fr\/wp-json\/wp\/v2\/product"}],"about":[{"href":"https:\/\/nimueskin.ch\/fr\/wp-json\/wp\/v2\/types\/product"}],"wp:featuredmedia":[{"embeddable":true,"href":"https:\/\/nimueskin.ch\/fr\/wp-json\/wp\/v2\/media\/14970"}],"wp:attachment":[{"href":"https:\/\/nimueskin.ch\/fr\/wp-json\/wp\/v2\/media?parent=15989"}],"wp:term":[{"taxonomy":"product_cat","embeddable":true,"href":"https:\/\/nimueskin.ch\/fr\/wp-json\/wp\/v2\/product_cat?post=15989"},{"taxonomy":"product_tag","embeddable":true,"href":"https:\/\/nimueskin.ch\/fr\/wp-json\/wp\/v2\/product_tag?post=15989"}],"curies":[{"name":"wp","href":"https:\/\/api.w.org\/{rel}","templated":true}]}}