{"id":15992,"date":"2021-03-09T07:39:47","date_gmt":"2021-03-09T06:39:47","guid":{"rendered":"https:\/\/nimueskin.ch\/product\/sun-c-teinte-spf-40-fonce\/"},"modified":"2022-12-28T18:06:19","modified_gmt":"2022-12-28T17:06:19","slug":"sun-c-tinted-spf-40-dark-2","status":"publish","type":"product","link":"https:\/\/nimueskin.ch\/fr\/produit\/sun-c-tinted-spf-40-dark-2\/","title":{"rendered":"Sun-C Teint\u00e9 SPF 40 Fonc\u00e9"},"content":{"rendered":"Un SPF 40 teint\u00e9 qui offre une protection UVA\/UVB \u00e0 large spectre et aide \u00e0 r\u00e9duire les signes visibles du vieillissement dus \u00e0 l&#8217;exposition au soleil, tout en att\u00e9nuant les imperfections mineures, laissant la peau radieuse.","protected":false},"excerpt":{"rendered":"<p>La cr\u00e8me solaire teint\u00e9e de Nimue qui offre une protection UVA\/UVB \u00e0 large spectre contre le vieillissement pr\u00e9matur\u00e9. SPF 40.<\/p>\n","protected":false},"featured_media":14968,"template":"","meta":{"inline_featured_image":false},"product_cat":[390,392],"product_tag":[],"_links":{"self":[{"href":"https:\/\/nimueskin.ch\/fr\/wp-json\/wp\/v2\/product\/15992"}],"collection":[{"href":"https:\/\/nimueskin.ch\/fr\/wp-json\/wp\/v2\/product"}],"about":[{"href":"https:\/\/nimueskin.ch\/fr\/wp-json\/wp\/v2\/types\/product"}],"wp:featuredmedia":[{"embeddable":true,"href":"https:\/\/nimueskin.ch\/fr\/wp-json\/wp\/v2\/media\/14968"}],"wp:attachment":[{"href":"https:\/\/nimueskin.ch\/fr\/wp-json\/wp\/v2\/media?parent=15992"}],"wp:term":[{"taxonomy":"product_cat","embeddable":true,"href":"https:\/\/nimueskin.ch\/fr\/wp-json\/wp\/v2\/product_cat?post=15992"},{"taxonomy":"product_tag","embeddable":true,"href":"https:\/\/nimueskin.ch\/fr\/wp-json\/wp\/v2\/product_tag?post=15992"}],"curies":[{"name":"wp","href":"https:\/\/api.w.org\/{rel}","templated":true}]}}