{"id":15998,"date":"2021-03-09T07:24:25","date_gmt":"2021-03-09T06:24:25","guid":{"rendered":"https:\/\/nimueskin.ch\/product\/bouclier-environnemental-sun-c-fps-50\/"},"modified":"2022-12-28T18:07:20","modified_gmt":"2022-12-28T17:07:20","slug":"sun-c-environmental-shield-spf-50-3","status":"publish","type":"product","link":"https:\/\/nimueskin.ch\/fr\/produit\/sun-c-environmental-shield-spf-50-3\/","title":{"rendered":"Bouclier environnemental Sun-C FPS 50"},"content":{"rendered":"Un SPF 50 intelligent offrant des avantages anti-\u00e2ge sup\u00e9rieurs et une protection contre les rayons UVA, UVB, infrarouges et lumi\u00e8re bleue (HEV). Ce SPF l\u00e9ger, non gras et matifiant prot\u00e8ge \u00e9galement contre les signes visibles du vieillissement caus\u00e9s par la pollution et d&#8217;autres facteurs environnementaux.","protected":false},"excerpt":{"rendered":"<p>L&#8217;\u00e9cran solaire anti-\u00e2ge de Nimue qui offre une protection avanc\u00e9e contre les effets nocifs du soleil et de l&#8217;exposition environnementale. SPF 50.<\/p>\n","protected":false},"featured_media":14962,"template":"","meta":{"inline_featured_image":false},"product_cat":[377,373,387,353,354,362,355,376,392,378],"product_tag":[],"_links":{"self":[{"href":"https:\/\/nimueskin.ch\/fr\/wp-json\/wp\/v2\/product\/15998"}],"collection":[{"href":"https:\/\/nimueskin.ch\/fr\/wp-json\/wp\/v2\/product"}],"about":[{"href":"https:\/\/nimueskin.ch\/fr\/wp-json\/wp\/v2\/types\/product"}],"wp:featuredmedia":[{"embeddable":true,"href":"https:\/\/nimueskin.ch\/fr\/wp-json\/wp\/v2\/media\/14962"}],"wp:attachment":[{"href":"https:\/\/nimueskin.ch\/fr\/wp-json\/wp\/v2\/media?parent=15998"}],"wp:term":[{"taxonomy":"product_cat","embeddable":true,"href":"https:\/\/nimueskin.ch\/fr\/wp-json\/wp\/v2\/product_cat?post=15998"},{"taxonomy":"product_tag","embeddable":true,"href":"https:\/\/nimueskin.ch\/fr\/wp-json\/wp\/v2\/product_tag?post=15998"}],"curies":[{"name":"wp","href":"https:\/\/api.w.org\/{rel}","templated":true}]}}