{"id":16001,"date":"2021-03-09T07:11:59","date_gmt":"2021-03-09T06:11:59","guid":{"rendered":"https:\/\/nimueskin.ch\/product\/sun-c-spf-40\/"},"modified":"2022-12-28T18:07:24","modified_gmt":"2022-12-28T17:07:24","slug":"sun-c-spf-40-2","status":"publish","type":"product","link":"https:\/\/nimueskin.ch\/fr\/produit\/sun-c-spf-40-2\/","title":{"rendered":"Sun-C SPF 40"},"content":{"rendered":"Un \u00e9cran solaire l\u00e9ger et hydratant qui offre une protection UVA\/UVB \u00e0 large spectre et aide \u00e0 r\u00e9duire les signes visibles du photo-vieillissement.","protected":false},"excerpt":{"rendered":"<p>Un \u00e9cran solaire l\u00e9ger et hydratant qui offre une protection UVA\/UVB \u00e0 large spectre. SPF 40<\/p>\n","protected":false},"featured_media":15308,"template":"","meta":{"inline_featured_image":false},"product_cat":[373,387,393,353,354,362,375,355,365,370,390,374,376,392,378],"product_tag":[],"_links":{"self":[{"href":"https:\/\/nimueskin.ch\/fr\/wp-json\/wp\/v2\/product\/16001"}],"collection":[{"href":"https:\/\/nimueskin.ch\/fr\/wp-json\/wp\/v2\/product"}],"about":[{"href":"https:\/\/nimueskin.ch\/fr\/wp-json\/wp\/v2\/types\/product"}],"wp:featuredmedia":[{"embeddable":true,"href":"https:\/\/nimueskin.ch\/fr\/wp-json\/wp\/v2\/media\/15308"}],"wp:attachment":[{"href":"https:\/\/nimueskin.ch\/fr\/wp-json\/wp\/v2\/media?parent=16001"}],"wp:term":[{"taxonomy":"product_cat","embeddable":true,"href":"https:\/\/nimueskin.ch\/fr\/wp-json\/wp\/v2\/product_cat?post=16001"},{"taxonomy":"product_tag","embeddable":true,"href":"https:\/\/nimueskin.ch\/fr\/wp-json\/wp\/v2\/product_tag?post=16001"}],"curies":[{"name":"wp","href":"https:\/\/api.w.org\/{rel}","templated":true}]}}