{"id":16006,"date":"2021-03-09T06:55:59","date_gmt":"2021-03-09T05:55:59","guid":{"rendered":"https:\/\/nimueskin.ch\/product\/yskin-clearing-moisturiser\/"},"modified":"2022-12-28T18:09:43","modified_gmt":"2022-12-28T17:09:43","slug":"yskin-clearing-moisturiser-2","status":"publish","type":"product","link":"https:\/\/nimueskin.ch\/fr\/produit\/yskin-clearing-moisturiser-2\/","title":{"rendered":"Y:Skin Clearing Moisturiser"},"content":{"rendered":"Un hydratant l\u00e9ger et non gras qui soulage la congestion, les \u00e9ruptions cutan\u00e9es et r\u00e9duit le gras pour une peau douce, lisse et saine.","protected":false},"excerpt":{"rendered":"<p>L&#8217;hydratant l\u00e9ger et non gras de Nimue qui soulage la congestion, les \u00e9ruptions cutan\u00e9es et r\u00e9duit le gras.<\/p>\n","protected":false},"featured_media":14956,"template":"","meta":{"inline_featured_image":false},"product_cat":[377,395,394],"product_tag":[],"_links":{"self":[{"href":"https:\/\/nimueskin.ch\/fr\/wp-json\/wp\/v2\/product\/16006"}],"collection":[{"href":"https:\/\/nimueskin.ch\/fr\/wp-json\/wp\/v2\/product"}],"about":[{"href":"https:\/\/nimueskin.ch\/fr\/wp-json\/wp\/v2\/types\/product"}],"wp:featuredmedia":[{"embeddable":true,"href":"https:\/\/nimueskin.ch\/fr\/wp-json\/wp\/v2\/media\/14956"}],"wp:attachment":[{"href":"https:\/\/nimueskin.ch\/fr\/wp-json\/wp\/v2\/media?parent=16006"}],"wp:term":[{"taxonomy":"product_cat","embeddable":true,"href":"https:\/\/nimueskin.ch\/fr\/wp-json\/wp\/v2\/product_cat?post=16006"},{"taxonomy":"product_tag","embeddable":true,"href":"https:\/\/nimueskin.ch\/fr\/wp-json\/wp\/v2\/product_tag?post=16006"}],"curies":[{"name":"wp","href":"https:\/\/api.w.org\/{rel}","templated":true}]}}