{"id":16012,"date":"2021-03-09T06:15:10","date_gmt":"2021-03-09T05:15:10","guid":{"rendered":"https:\/\/nimueskin.ch\/product\/a-i-face-serum\/"},"modified":"2022-12-28T18:10:57","modified_gmt":"2022-12-28T17:10:57","slug":"a-i-face-serum-2","status":"publish","type":"product","link":"https:\/\/nimueskin.ch\/fr\/produit\/a-i-face-serum-2\/","title":{"rendered":"a.i Face Serum"},"content":{"rendered":"Un s\u00e9rum visage concentr\u00e9 et l\u00e9ger pour lutter contre les signes du vieillissement caus\u00e9s par le mode de vie, l&#8217;histoire de la vie et l&#8217;environnement. Des ingr\u00e9dients anti-\u00e2ge sup\u00e9rieurs sont d\u00e9livr\u00e9s efficacement dans la peau pour assurer une p\u00e9n\u00e9tration maximale, r\u00e9sultant en une apparence saine et plus jeune.","protected":false},"excerpt":{"rendered":"<p>Le s\u00e9rum pour le visage concentr\u00e9 et l\u00e9ger de Nimue qui r\u00e9duit les signes du vieillissement caus\u00e9s par le mode de vie, l&#8217;histoire de la vie et l&#8217;environnement.<\/p>\n","protected":false},"featured_media":14946,"template":"","meta":{"inline_featured_image":false},"product_cat":[373,375,365,388,352],"product_tag":[],"_links":{"self":[{"href":"https:\/\/nimueskin.ch\/fr\/wp-json\/wp\/v2\/product\/16012"}],"collection":[{"href":"https:\/\/nimueskin.ch\/fr\/wp-json\/wp\/v2\/product"}],"about":[{"href":"https:\/\/nimueskin.ch\/fr\/wp-json\/wp\/v2\/types\/product"}],"wp:featuredmedia":[{"embeddable":true,"href":"https:\/\/nimueskin.ch\/fr\/wp-json\/wp\/v2\/media\/14946"}],"wp:attachment":[{"href":"https:\/\/nimueskin.ch\/fr\/wp-json\/wp\/v2\/media?parent=16012"}],"wp:term":[{"taxonomy":"product_cat","embeddable":true,"href":"https:\/\/nimueskin.ch\/fr\/wp-json\/wp\/v2\/product_cat?post=16012"},{"taxonomy":"product_tag","embeddable":true,"href":"https:\/\/nimueskin.ch\/fr\/wp-json\/wp\/v2\/product_tag?post=16012"}],"curies":[{"name":"wp","href":"https:\/\/api.w.org\/{rel}","templated":true}]}}