{"id":16014,"date":"2021-03-08T15:49:28","date_gmt":"2021-03-08T14:49:28","guid":{"rendered":"https:\/\/nimueskin.ch\/product\/man-cleansing-wash\/"},"modified":"2022-12-28T18:11:00","modified_gmt":"2022-12-28T17:11:00","slug":"man-cleansing-gel-wash-3","status":"publish","type":"product","link":"https:\/\/nimueskin.ch\/fr\/produit\/man-cleansing-gel-wash-3\/","title":{"rendered":"Man Cleansing Wash"},"content":{"rendered":"Un nettoyant pour le visage \u00e0 double action, nettoyant en profondeur et exfoliant pour hommes, qui peut \u00e9galement \u00eatre utilis\u00e9 comme gel \u00e0 raser. Ce nettoyant restaure la barri\u00e8re cutan\u00e9e apr\u00e8s le rasage, apaise la peau et la laisse fra\u00eeche et lisse.","protected":false},"excerpt":{"rendered":"<p>Le nettoyant visage et gel de rasage \u00e0 double action de Nimue pour hommes, con\u00e7u pour nettoyer et exfolier en profondeur, tout en restaurant la barri\u00e8re cutan\u00e9e apr\u00e8s le rasage.<\/p>\n","protected":false},"featured_media":14942,"template":"","meta":{"inline_featured_image":false},"product_cat":[398,397,367,386],"product_tag":[],"_links":{"self":[{"href":"https:\/\/nimueskin.ch\/fr\/wp-json\/wp\/v2\/product\/16014"}],"collection":[{"href":"https:\/\/nimueskin.ch\/fr\/wp-json\/wp\/v2\/product"}],"about":[{"href":"https:\/\/nimueskin.ch\/fr\/wp-json\/wp\/v2\/types\/product"}],"wp:featuredmedia":[{"embeddable":true,"href":"https:\/\/nimueskin.ch\/fr\/wp-json\/wp\/v2\/media\/14942"}],"wp:attachment":[{"href":"https:\/\/nimueskin.ch\/fr\/wp-json\/wp\/v2\/media?parent=16014"}],"wp:term":[{"taxonomy":"product_cat","embeddable":true,"href":"https:\/\/nimueskin.ch\/fr\/wp-json\/wp\/v2\/product_cat?post=16014"},{"taxonomy":"product_tag","embeddable":true,"href":"https:\/\/nimueskin.ch\/fr\/wp-json\/wp\/v2\/product_tag?post=16014"}],"curies":[{"name":"wp","href":"https:\/\/api.w.org\/{rel}","templated":true}]}}