{"id":16018,"date":"2021-03-08T15:40:41","date_gmt":"2021-03-08T14:40:41","guid":{"rendered":"https:\/\/nimueskin.ch\/product\/a-i-creme-de-jour\/"},"modified":"2022-12-28T18:11:45","modified_gmt":"2022-12-28T17:11:45","slug":"a-i-day-cream-2","status":"publish","type":"product","link":"https:\/\/nimueskin.ch\/fr\/produit\/a-i-day-cream-2\/","title":{"rendered":"a.i Cr\u00e8me de jour"},"content":{"rendered":"Une cr\u00e8me de jour avanc\u00e9e, riche et cr\u00e9meuse pour lutter contre les signes du vieillissement caus\u00e9s par le mode de vie, l&#8217;histoire de la vie et l&#8217;environnement. Des ingr\u00e9dients anti-\u00e2ge sup\u00e9rieurs aident \u00e0 ralentir le processus de vieillissement, ce qui donne une apparence saine et plus jeune.","protected":false},"excerpt":{"rendered":"<p>La cr\u00e8me de jour anti-\u00e2ge riche et avanc\u00e9e de Nimue formul\u00e9e pour lutter contre les signes visibles du vieillissement caus\u00e9s par le mode de vie, l&#8217;histoire de la vie et les facteurs environnementaux.<\/p>\n","protected":false},"featured_media":14938,"template":"","meta":{"inline_featured_image":false},"product_cat":[373,395,375,365,388,363],"product_tag":[],"_links":{"self":[{"href":"https:\/\/nimueskin.ch\/fr\/wp-json\/wp\/v2\/product\/16018"}],"collection":[{"href":"https:\/\/nimueskin.ch\/fr\/wp-json\/wp\/v2\/product"}],"about":[{"href":"https:\/\/nimueskin.ch\/fr\/wp-json\/wp\/v2\/types\/product"}],"wp:featuredmedia":[{"embeddable":true,"href":"https:\/\/nimueskin.ch\/fr\/wp-json\/wp\/v2\/media\/14938"}],"wp:attachment":[{"href":"https:\/\/nimueskin.ch\/fr\/wp-json\/wp\/v2\/media?parent=16018"}],"wp:term":[{"taxonomy":"product_cat","embeddable":true,"href":"https:\/\/nimueskin.ch\/fr\/wp-json\/wp\/v2\/product_cat?post=16018"},{"taxonomy":"product_tag","embeddable":true,"href":"https:\/\/nimueskin.ch\/fr\/wp-json\/wp\/v2\/product_tag?post=16018"}],"curies":[{"name":"wp","href":"https:\/\/api.w.org\/{rel}","templated":true}]}}