{"id":16020,"date":"2021-03-08T14:58:28","date_gmt":"2021-03-08T13:58:28","guid":{"rendered":"https:\/\/nimueskin.ch\/product\/night-fader-plus\/"},"modified":"2021-03-08T14:58:28","modified_gmt":"2021-03-08T13:58:28","slug":"night-fader-plus-2-2","status":"publish","type":"product","link":"https:\/\/nimueskin.ch\/fr\/produit\/night-fader-plus-2-2\/","title":{"rendered":"Night Fader Plus"},"content":{"rendered":"Un hydratant de nuit riche et multifonctionnel pour le traitement de la coloration in\u00e9gale de la peau. De puissants antioxydants offrent une protection contre les radicaux libres, aidant \u00e0 \u00e9claircir la peau et \u00e0 r\u00e9guler la formation de pigments.","protected":false},"excerpt":{"rendered":"<p>L&#8217;hydratant de nuit riche et multifonctionnel de Nimue formul\u00e9 pour traiter le teint irr\u00e9gulier.<\/p>\n","protected":false},"featured_media":14930,"template":"","meta":{"inline_featured_image":false},"product_cat":[387,395,357,379,367,378],"product_tag":[],"_links":{"self":[{"href":"https:\/\/nimueskin.ch\/fr\/wp-json\/wp\/v2\/product\/16020"}],"collection":[{"href":"https:\/\/nimueskin.ch\/fr\/wp-json\/wp\/v2\/product"}],"about":[{"href":"https:\/\/nimueskin.ch\/fr\/wp-json\/wp\/v2\/types\/product"}],"wp:featuredmedia":[{"embeddable":true,"href":"https:\/\/nimueskin.ch\/fr\/wp-json\/wp\/v2\/media\/14930"}],"wp:attachment":[{"href":"https:\/\/nimueskin.ch\/fr\/wp-json\/wp\/v2\/media?parent=16020"}],"wp:term":[{"taxonomy":"product_cat","embeddable":true,"href":"https:\/\/nimueskin.ch\/fr\/wp-json\/wp\/v2\/product_cat?post=16020"},{"taxonomy":"product_tag","embeddable":true,"href":"https:\/\/nimueskin.ch\/fr\/wp-json\/wp\/v2\/product_tag?post=16020"}],"curies":[{"name":"wp","href":"https:\/\/api.w.org\/{rel}","templated":true}]}}