{"id":16030,"date":"2021-03-05T13:19:54","date_gmt":"2021-03-05T12:19:54","guid":{"rendered":"https:\/\/nimueskin.ch\/product\/purifier\/"},"modified":"2022-12-28T18:14:27","modified_gmt":"2022-12-28T17:14:27","slug":"purifier-2","status":"publish","type":"product","link":"https:\/\/nimueskin.ch\/fr\/produit\/purifier-2\/","title":{"rendered":"Purifier"},"content":{"rendered":"Un hydratant de nuit sp\u00e9cialement formul\u00e9 pour clarifier les peaux \u00e0 probl\u00e8mes et grasses. Il r\u00e9duit la congestion et \u00e9quilibre la production naturelle d&#8217;huile de la peau.","protected":false},"excerpt":{"rendered":"<p>Cr\u00e8me hydratante de nuit clarifiante Nimue formul\u00e9e pour purifier et apaiser les peaux \u00e0 probl\u00e8mes et grasses.<\/p>\n","protected":false},"featured_media":14914,"template":"","meta":{"inline_featured_image":false},"product_cat":[377,395,357,355,379,380],"product_tag":[],"_links":{"self":[{"href":"https:\/\/nimueskin.ch\/fr\/wp-json\/wp\/v2\/product\/16030"}],"collection":[{"href":"https:\/\/nimueskin.ch\/fr\/wp-json\/wp\/v2\/product"}],"about":[{"href":"https:\/\/nimueskin.ch\/fr\/wp-json\/wp\/v2\/types\/product"}],"wp:featuredmedia":[{"embeddable":true,"href":"https:\/\/nimueskin.ch\/fr\/wp-json\/wp\/v2\/media\/14914"}],"wp:attachment":[{"href":"https:\/\/nimueskin.ch\/fr\/wp-json\/wp\/v2\/media?parent=16030"}],"wp:term":[{"taxonomy":"product_cat","embeddable":true,"href":"https:\/\/nimueskin.ch\/fr\/wp-json\/wp\/v2\/product_cat?post=16030"},{"taxonomy":"product_tag","embeddable":true,"href":"https:\/\/nimueskin.ch\/fr\/wp-json\/wp\/v2\/product_tag?post=16030"}],"curies":[{"name":"wp","href":"https:\/\/api.w.org\/{rel}","templated":true}]}}