{"id":16037,"date":"2021-03-05T12:29:29","date_gmt":"2021-03-05T11:29:29","guid":{"rendered":"https:\/\/nimueskin.ch\/product\/fondu-de-jour\/"},"modified":"2021-03-05T12:29:29","modified_gmt":"2021-03-05T11:29:29","slug":"day-fader-3","status":"publish","type":"product","link":"https:\/\/nimueskin.ch\/fr\/produit\/day-fader-3\/","title":{"rendered":"Fondu de jour"},"content":{"rendered":"Un hydratant de jour multifonctionnel l\u00e9ger qui r\u00e9duit la coloration in\u00e9gale de la peau. De puissants antioxydants offrent une protection contre les radicaux libres, aidant \u00e0 \u00e9claircir la peau et \u00e0 r\u00e9guler la formation de pigments.","protected":false},"excerpt":{"rendered":"<p>L&#8217;hydratant de jour l\u00e9ger et multifonctionnel de Nimue formul\u00e9 pour traiter le teint irr\u00e9gulier.<\/p>\n","protected":false},"featured_media":14908,"template":"","meta":{"inline_featured_image":false},"product_cat":[387,395,354,357,367,386,378],"product_tag":[],"_links":{"self":[{"href":"https:\/\/nimueskin.ch\/fr\/wp-json\/wp\/v2\/product\/16037"}],"collection":[{"href":"https:\/\/nimueskin.ch\/fr\/wp-json\/wp\/v2\/product"}],"about":[{"href":"https:\/\/nimueskin.ch\/fr\/wp-json\/wp\/v2\/types\/product"}],"wp:featuredmedia":[{"embeddable":true,"href":"https:\/\/nimueskin.ch\/fr\/wp-json\/wp\/v2\/media\/14908"}],"wp:attachment":[{"href":"https:\/\/nimueskin.ch\/fr\/wp-json\/wp\/v2\/media?parent=16037"}],"wp:term":[{"taxonomy":"product_cat","embeddable":true,"href":"https:\/\/nimueskin.ch\/fr\/wp-json\/wp\/v2\/product_cat?post=16037"},{"taxonomy":"product_tag","embeddable":true,"href":"https:\/\/nimueskin.ch\/fr\/wp-json\/wp\/v2\/product_tag?post=16037"}],"curies":[{"name":"wp","href":"https:\/\/api.w.org\/{rel}","templated":true}]}}