{"id":16043,"date":"2021-03-05T11:58:53","date_gmt":"2021-03-05T10:58:53","guid":{"rendered":"https:\/\/nimueskin.ch\/product\/conditioner\/"},"modified":"2022-12-29T10:27:01","modified_gmt":"2022-12-29T09:27:01","slug":"conditioner-2","status":"publish","type":"product","link":"https:\/\/nimueskin.ch\/fr\/produit\/conditioner-2\/","title":{"rendered":"Conditioner"},"content":{"rendered":"Un traitement de la peau sp\u00e9cialement formul\u00e9 qui stimule l&#8217;exfoliation, rafra\u00eechit et clarifie la peau pour une apparence fra\u00eeche et saine.","protected":false},"excerpt":{"rendered":"<p>Le traitement de la peau 2 en 1 sp\u00e9cialement formul\u00e9 de Nimue qui stimule l&#8217;exfoliation et clarifie.<\/p>\n","protected":false},"featured_media":14894,"template":"","meta":{"inline_featured_image":false},"product_cat":[393,405,353,354,357,355,402,361,363],"product_tag":[],"_links":{"self":[{"href":"https:\/\/nimueskin.ch\/fr\/wp-json\/wp\/v2\/product\/16043"}],"collection":[{"href":"https:\/\/nimueskin.ch\/fr\/wp-json\/wp\/v2\/product"}],"about":[{"href":"https:\/\/nimueskin.ch\/fr\/wp-json\/wp\/v2\/types\/product"}],"wp:featuredmedia":[{"embeddable":true,"href":"https:\/\/nimueskin.ch\/fr\/wp-json\/wp\/v2\/media\/14894"}],"wp:attachment":[{"href":"https:\/\/nimueskin.ch\/fr\/wp-json\/wp\/v2\/media?parent=16043"}],"wp:term":[{"taxonomy":"product_cat","embeddable":true,"href":"https:\/\/nimueskin.ch\/fr\/wp-json\/wp\/v2\/product_cat?post=16043"},{"taxonomy":"product_tag","embeddable":true,"href":"https:\/\/nimueskin.ch\/fr\/wp-json\/wp\/v2\/product_tag?post=16043"}],"curies":[{"name":"wp","href":"https:\/\/api.w.org\/{rel}","templated":true}]}}