{"id":16046,"date":"2021-02-01T13:26:20","date_gmt":"2021-02-01T12:26:20","guid":{"rendered":"https:\/\/nimueskin.ch\/product\/man-day-and-night-cream\/"},"modified":"2021-02-01T13:26:20","modified_gmt":"2021-02-01T12:26:20","slug":"man-day-and-night-cream","status":"publish","type":"product","link":"https:\/\/nimueskin.ch\/fr\/produit\/man-day-and-night-cream\/","title":{"rendered":"Man Day and Night Cream"},"content":{"rendered":"Un soin visage hydratant pour hommes qui apaise et hydrate, am\u00e9liore la texture de la peau et la prot\u00e8ge des irritations g\u00e9n\u00e9ralement caus\u00e9es par le rasage.","protected":false},"excerpt":{"rendered":"<p>Le soin visage hydratant Nimue pour hommes, con\u00e7u pour apaiser, hydrater et prot\u00e9ger pour une meilleure texture de la peau.<\/p>\n","protected":false},"featured_media":14754,"template":"","meta":{"inline_featured_image":false},"product_cat":[395,398,367,386],"product_tag":[],"_links":{"self":[{"href":"https:\/\/nimueskin.ch\/fr\/wp-json\/wp\/v2\/product\/16046"}],"collection":[{"href":"https:\/\/nimueskin.ch\/fr\/wp-json\/wp\/v2\/product"}],"about":[{"href":"https:\/\/nimueskin.ch\/fr\/wp-json\/wp\/v2\/types\/product"}],"wp:featuredmedia":[{"embeddable":true,"href":"https:\/\/nimueskin.ch\/fr\/wp-json\/wp\/v2\/media\/14754"}],"wp:attachment":[{"href":"https:\/\/nimueskin.ch\/fr\/wp-json\/wp\/v2\/media?parent=16046"}],"wp:term":[{"taxonomy":"product_cat","embeddable":true,"href":"https:\/\/nimueskin.ch\/fr\/wp-json\/wp\/v2\/product_cat?post=16046"},{"taxonomy":"product_tag","embeddable":true,"href":"https:\/\/nimueskin.ch\/fr\/wp-json\/wp\/v2\/product_tag?post=16046"}],"curies":[{"name":"wp","href":"https:\/\/api.w.org\/{rel}","templated":true}]}}