{"id":16051,"date":"2021-03-04T10:49:52","date_gmt":"2021-03-04T09:49:52","guid":{"rendered":"https:\/\/nimueskin.ch\/product\/cleansing-gel-lite\/"},"modified":"2021-03-04T10:49:52","modified_gmt":"2021-03-04T09:49:52","slug":"cleansing-gel-lite-2","status":"publish","type":"product","link":"https:\/\/nimueskin.ch\/fr\/produit\/cleansing-gel-lite-2\/","title":{"rendered":"Cleansing Gel Lite"},"content":{"rendered":"Un gel nettoyant 2 en 1 apaisant et calmant qui \u00e9limine en douceur le maquillage et les impuret\u00e9s des yeux et du visage et \u00e9quilibre la production de s\u00e9bum, laissant la peau fra\u00eeche et hydrat\u00e9e.","protected":false},"excerpt":{"rendered":"<p>Le gel nettoyant calmant 2 en 1 de Nimue pour les peaux sensibles qui exfolie et d\u00e9maquille en douceur.<\/p>\n","protected":false},"featured_media":14886,"template":"","meta":{"inline_featured_image":false},"product_cat":[362,397,357,402,379,380],"product_tag":[],"_links":{"self":[{"href":"https:\/\/nimueskin.ch\/fr\/wp-json\/wp\/v2\/product\/16051"}],"collection":[{"href":"https:\/\/nimueskin.ch\/fr\/wp-json\/wp\/v2\/product"}],"about":[{"href":"https:\/\/nimueskin.ch\/fr\/wp-json\/wp\/v2\/types\/product"}],"wp:featuredmedia":[{"embeddable":true,"href":"https:\/\/nimueskin.ch\/fr\/wp-json\/wp\/v2\/media\/14886"}],"wp:attachment":[{"href":"https:\/\/nimueskin.ch\/fr\/wp-json\/wp\/v2\/media?parent=16051"}],"wp:term":[{"taxonomy":"product_cat","embeddable":true,"href":"https:\/\/nimueskin.ch\/fr\/wp-json\/wp\/v2\/product_cat?post=16051"},{"taxonomy":"product_tag","embeddable":true,"href":"https:\/\/nimueskin.ch\/fr\/wp-json\/wp\/v2\/product_tag?post=16051"}],"curies":[{"name":"wp","href":"https:\/\/api.w.org\/{rel}","templated":true}]}}