{"id":16054,"date":"2021-02-01T12:36:54","date_gmt":"2021-02-01T11:36:54","guid":{"rendered":"https:\/\/nimueskin.ch\/product\/a-i-eye-serum\/"},"modified":"2021-02-01T12:36:54","modified_gmt":"2021-02-01T11:36:54","slug":"a-i-eye-serum","status":"publish","type":"product","link":"https:\/\/nimueskin.ch\/fr\/produit\/a-i-eye-serum\/","title":{"rendered":"a.i Eye Serum"},"content":{"rendered":"<span data-sheets-value=\"{\"1\":2,\"2\":\"A concentrated eye serum with a luxurious feel and texture that assists in lifting and firming the delicate skin around the eye area, reducing the appearance of fine lines and wrinkles. \"}\" data-sheets-userformat=\"{\"2\":5033,\"3\":{\"1\":0},\"6\":{\"1\":[{\"1\":2,\"2\":0,\"5\":[null,2,0]},{\"1\":0,\"2\":0,\"3\":3},{\"1\":1,\"2\":0,\"4\":1}]},\"8\":{\"1\":[{\"1\":2,\"2\":0,\"5\":[null,2,0]},{\"1\":0,\"2\":0,\"3\":3},{\"1\":1,\"2\":0,\"4\":1}]},\"10\":1,\"11\":4,\"12\":0,\"15\":\"Arial\"}\">Un s\u00e9rum concentr\u00e9 pour les yeux au toucher et \u00e0 la texture luxueux qui aide \u00e0 lifter et \u00e0 raffermir la peau d\u00e9licate du contour des yeux, r\u00e9duisant ainsi l&#8217;apparence des rides et ridules. <\/span>","protected":false},"excerpt":{"rendered":"<p><span data-sheets-value=\"{\"1\":2,\"2\":\"Nimue's concentrated eye serum formulated to lift and firm the delicate skin around the eyes and reduce the appearance of fine lines &amp; wrinkles.\"}\" data-sheets-userformat=\"{\"2\":5033,\"3\":{\"1\":0},\"6\":{\"1\":[{\"1\":2,\"2\":0,\"5\":[null,2,0]},{\"1\":0,\"2\":0,\"3\":3},{\"1\":1,\"2\":0,\"4\":1}]},\"8\":{\"1\":[{\"1\":2,\"2\":0,\"5\":[null,2,0]},{\"1\":0,\"2\":0,\"3\":3},{\"1\":1,\"2\":0,\"4\":1}]},\"10\":0,\"11\":4,\"12\":0,\"15\":\"Arial\"}\">Le s\u00e9rum concentr\u00e9 pour les yeux de Nimue est formul\u00e9 pour lifter et raffermir la peau d\u00e9licate du contour des yeux et r\u00e9duire l&#8217;apparence des rides et ridules.<\/span><\/p>\n","protected":false},"featured_media":14742,"template":"","meta":{"inline_featured_image":false},"product_cat":[373,369,365,388],"product_tag":[],"_links":{"self":[{"href":"https:\/\/nimueskin.ch\/fr\/wp-json\/wp\/v2\/product\/16054"}],"collection":[{"href":"https:\/\/nimueskin.ch\/fr\/wp-json\/wp\/v2\/product"}],"about":[{"href":"https:\/\/nimueskin.ch\/fr\/wp-json\/wp\/v2\/types\/product"}],"wp:featuredmedia":[{"embeddable":true,"href":"https:\/\/nimueskin.ch\/fr\/wp-json\/wp\/v2\/media\/14742"}],"wp:attachment":[{"href":"https:\/\/nimueskin.ch\/fr\/wp-json\/wp\/v2\/media?parent=16054"}],"wp:term":[{"taxonomy":"product_cat","embeddable":true,"href":"https:\/\/nimueskin.ch\/fr\/wp-json\/wp\/v2\/product_cat?post=16054"},{"taxonomy":"product_tag","embeddable":true,"href":"https:\/\/nimueskin.ch\/fr\/wp-json\/wp\/v2\/product_tag?post=16054"}],"curies":[{"name":"wp","href":"https:\/\/api.w.org\/{rel}","templated":true}]}}